{"id":47,"date":"2019-12-14T22:09:09","date_gmt":"2019-12-14T22:09:09","guid":{"rendered":"http:\/\/musicandbooks.de\/?page_id=47"},"modified":"2021-03-02T19:54:57","modified_gmt":"2021-03-02T19:54:57","slug":"ankauf","status":"publish","type":"page","link":"https:\/\/musicandbooks.de\/index.php\/ankauf\/","title":{"rendered":"Ankauf"},"content":{"rendered":"\n<div class=\"wp-block-columns is-layout-flex wp-container-core-columns-is-layout-9d6595d7 wp-block-columns-is-layout-flex\">\n<div class=\"wp-block-column is-layout-flow wp-block-column-is-layout-flow\">\n<p>Schallplattenankauf, Ankauf von CDs, DVDs, B\u00fcchern und Comics:<\/p>\n\n\n\n<p>Aktuell findet der Ankauf <strong>nur<\/strong> nach Absprache per Telefon oder nach pers\u00f6nlicher Voranmeldung im Laden statt. <\/p>\n\n\n\nnw_musicandbooks[at]yahoo.de\n<\/div>\n<\/div>\n\n\n\n<p><b>Was wir gerne ankaufen&#8230;&#8230;\n<br><br>Schallplatten &amp; CDs<\/b>:\n<br>Jazz, Blues, Rock, Heavy Metal, Punk, HipHop, seltenes aus den 50\/60\/70ern etc.\n<br><br>\n<b>Filme<\/b>:\n<br>BluRays &amp; DVDs, aktuelle Filme, Klassiker, Western, Film Noir, ausgefallene und anspruchsvolle Filme usw.\n<br><br>\n<b>Comics<\/b>:\n<br>Graphic Novels, Asterix, Lucky Luke, Tim und Struppi, Lustige Taschenb\u00fccher, ausgefallene Hardcoverausgaben und mehr.\n<br><br>\n<b>B\u00fccher<\/b>: \n<br>anspruchvolles, gehobene Literatur, aktuelles aus den letzten 3 Jahren, B\u00fccher \u00fcber Fotografie, Architektur, Kunst, Philosophie, Bavarika, B\u00fccher die einen animieren, die Welt zu einem liebevolleren Ort zu machen.\n<br><br>\n<b>Noten<\/b>: \n<br>aktuelle, ohne Markierungen&#8230;\n<br><br>\nWir kaufen nur gepflegte Ware an. Bitte achten Sie darauf, dass jeder Artikel vollst\u00e4ndig ist und funktioniert. \n<br>Wir kaufen auch zum Teil Ware aus Berreichen an, die hier nicht aufgelistet sind. Bitte fragen Sie vor dem Ankauf bei uns nach, wenn Sie Ihr Genre nicht in der Auflistung finden. Vielen Dank!\n<\/p>\n\n\n\n<p><\/p>\n","protected":false},"excerpt":{"rendered":"<p>Schallplattenankauf, Ankauf von CDs, DVDs, B\u00fcchern und Comics: Aktuell findet der Ankauf nur nach Absprache per Telefon oder nach pers\u00f6nlicher Voranmeldung im Laden statt. nw_musicandbooks[at]yahoo.de [&hellip;]<\/p>\n","protected":false},"author":1,"featured_media":0,"parent":0,"menu_order":0,"comment_status":"closed","ping_status":"closed","template":"","meta":{"footnotes":""},"class_list":["post-47","page","type-page","status-publish","hentry"],"_links":{"self":[{"href":"https:\/\/musicandbooks.de\/index.php\/wp-json\/wp\/v2\/pages\/47","targetHints":{"allow":["GET"]}}],"collection":[{"href":"https:\/\/musicandbooks.de\/index.php\/wp-json\/wp\/v2\/pages"}],"about":[{"href":"https:\/\/musicandbooks.de\/index.php\/wp-json\/wp\/v2\/types\/page"}],"author":[{"embeddable":true,"href":"https:\/\/musicandbooks.de\/index.php\/wp-json\/wp\/v2\/users\/1"}],"replies":[{"embeddable":true,"href":"https:\/\/musicandbooks.de\/index.php\/wp-json\/wp\/v2\/comments?post=47"}],"version-history":[{"count":19,"href":"https:\/\/musicandbooks.de\/index.php\/wp-json\/wp\/v2\/pages\/47\/revisions"}],"predecessor-version":[{"id":680,"href":"https:\/\/musicandbooks.de\/index.php\/wp-json\/wp\/v2\/pages\/47\/revisions\/680"}],"wp:attachment":[{"href":"https:\/\/musicandbooks.de\/index.php\/wp-json\/wp\/v2\/media?parent=47"}],"curies":[{"name":"wp","href":"https:\/\/api.w.org\/{rel}","templated":true}]}}