{"id":118,"date":"2020-01-12T18:54:57","date_gmt":"2020-01-12T18:54:57","guid":{"rendered":"http:\/\/musicandbooks.de\/?page_id=118"},"modified":"2022-04-24T22:23:57","modified_gmt":"2022-04-24T22:23:57","slug":"uber-uns","status":"publish","type":"page","link":"https:\/\/musicandbooks.de\/index.php\/uber-uns\/","title":{"rendered":"\u00dcber Uns"},"content":{"rendered":"\n<p>Gegr\u00fcndet 1977 in F\u00fcrth von Vinylfan Norbert Walden, gebe ich bis heute  mein Bestes, Ihre Neugierde auf der Suche nach dem passenden Sound in unserem Laden in N\u00fcrnberg zu stillen, und freue mich, wenn ich mit meiner Erfahrung manchmal auch Horizonte erweitern kann. Leider muss ich mitteilen, dass unser Gesch\u00e4ft in M\u00fcnchen unter der Leitung meines Sohnes Jan Walden nach 30 Jahren dort zum 28.02.2021 geschlossen hat. Die Ware wurde in unser N\u00fcrnberger Gesch\u00e4ft integriert, was bedeutet, dass unsere Kunden noch mehr Schallplatten, CDs, Blurays, DVDs, B\u00fccher, Comics, Noten und und und durchst\u00f6bern k\u00f6nnen! <\/p>\n\n\n\n<figure class=\"wp-block-gallery columns-2 is-cropped wp-block-gallery-1 is-layout-flex wp-block-gallery-is-layout-flex\"><ul class=\"blocks-gallery-grid\"><li class=\"blocks-gallery-item\"><figure><img loading=\"lazy\" decoding=\"async\" width=\"683\" height=\"1024\" src=\"http:\/\/musicandbooks.de\/wp-content\/uploads\/2020\/01\/27549515209_d73eeae519_o-683x1024.jpg\" alt=\"\" data-id=\"195\" data-link=\"http:\/\/musicandbooks.de\/index.php\/uber-uns\/27549515209_d73eeae519_o\/\" class=\"wp-image-195\" srcset=\"https:\/\/musicandbooks.de\/wp-content\/uploads\/2020\/01\/27549515209_d73eeae519_o-683x1024.jpg 683w, https:\/\/musicandbooks.de\/wp-content\/uploads\/2020\/01\/27549515209_d73eeae519_o-200x300.jpg 200w, https:\/\/musicandbooks.de\/wp-content\/uploads\/2020\/01\/27549515209_d73eeae519_o-768x1152.jpg 768w, https:\/\/musicandbooks.de\/wp-content\/uploads\/2020\/01\/27549515209_d73eeae519_o-1024x1536.jpg 1024w, https:\/\/musicandbooks.de\/wp-content\/uploads\/2020\/01\/27549515209_d73eeae519_o-1365x2048.jpg 1365w, https:\/\/musicandbooks.de\/wp-content\/uploads\/2020\/01\/27549515209_d73eeae519_o-scaled.jpg 1707w\" sizes=\"auto, (max-width: 683px) 100vw, 683px\" \/><figcaption class=\"blocks-gallery-item__caption\">Aktiv von Anfang an&#8230;<\/figcaption><\/figure><\/li><li class=\"blocks-gallery-item\"><figure><img loading=\"lazy\" decoding=\"async\" width=\"683\" height=\"1024\" src=\"http:\/\/musicandbooks.de\/wp-content\/uploads\/2020\/01\/24462879187_55189b12eb_o-683x1024.jpg\" alt=\"\" data-id=\"196\" data-link=\"http:\/\/musicandbooks.de\/index.php\/uber-uns\/24462879187_55189b12eb_o\/\" class=\"wp-image-196\" srcset=\"https:\/\/musicandbooks.de\/wp-content\/uploads\/2020\/01\/24462879187_55189b12eb_o-683x1024.jpg 683w, https:\/\/musicandbooks.de\/wp-content\/uploads\/2020\/01\/24462879187_55189b12eb_o-200x300.jpg 200w, https:\/\/musicandbooks.de\/wp-content\/uploads\/2020\/01\/24462879187_55189b12eb_o-768x1152.jpg 768w, https:\/\/musicandbooks.de\/wp-content\/uploads\/2020\/01\/24462879187_55189b12eb_o-1024x1536.jpg 1024w, https:\/\/musicandbooks.de\/wp-content\/uploads\/2020\/01\/24462879187_55189b12eb_o-1365x2048.jpg 1365w, https:\/\/musicandbooks.de\/wp-content\/uploads\/2020\/01\/24462879187_55189b12eb_o-scaled.jpg 1707w\" sizes=\"auto, (max-width: 683px) 100vw, 683px\" \/><figcaption class=\"blocks-gallery-item__caption\">Aktiv 2005-2021 in M\u00fcnchen<\/figcaption><\/figure><\/li><\/ul><\/figure>\n","protected":false},"excerpt":{"rendered":"<p>Gegr\u00fcndet 1977 in F\u00fcrth von Vinylfan Norbert Walden, gebe ich bis heute mein Bestes, Ihre Neugierde auf der Suche nach dem passenden Sound in unserem [&hellip;]<\/p>\n","protected":false},"author":1,"featured_media":0,"parent":0,"menu_order":0,"comment_status":"closed","ping_status":"closed","template":"","meta":{"footnotes":""},"class_list":["post-118","page","type-page","status-publish","hentry"],"_links":{"self":[{"href":"https:\/\/musicandbooks.de\/index.php\/wp-json\/wp\/v2\/pages\/118","targetHints":{"allow":["GET"]}}],"collection":[{"href":"https:\/\/musicandbooks.de\/index.php\/wp-json\/wp\/v2\/pages"}],"about":[{"href":"https:\/\/musicandbooks.de\/index.php\/wp-json\/wp\/v2\/types\/page"}],"author":[{"embeddable":true,"href":"https:\/\/musicandbooks.de\/index.php\/wp-json\/wp\/v2\/users\/1"}],"replies":[{"embeddable":true,"href":"https:\/\/musicandbooks.de\/index.php\/wp-json\/wp\/v2\/comments?post=118"}],"version-history":[{"count":6,"href":"https:\/\/musicandbooks.de\/index.php\/wp-json\/wp\/v2\/pages\/118\/revisions"}],"predecessor-version":[{"id":707,"href":"https:\/\/musicandbooks.de\/index.php\/wp-json\/wp\/v2\/pages\/118\/revisions\/707"}],"wp:attachment":[{"href":"https:\/\/musicandbooks.de\/index.php\/wp-json\/wp\/v2\/media?parent=118"}],"curies":[{"name":"wp","href":"https:\/\/api.w.org\/{rel}","templated":true}]}}